{"id":11,"date":"2022-03-07T16:56:46","date_gmt":"2022-03-07T16:56:46","guid":{"rendered":"https:\/\/appenzeller-ferienhaus.ch\/?page_id=11"},"modified":"2025-01-11T07:45:48","modified_gmt":"2025-01-11T07:45:48","slug":"einstiegsseite","status":"publish","type":"page","link":"https:\/\/appenzeller-ferienhaus.ch\/","title":{"rendered":"Willkommen &#8211; &#8222;s\u00f6nd willkomm in Heieris Landhaus&#8220;"},"content":{"rendered":"\n<p>Auf diesen Seiten k\u00f6nnen Sie unser Ferienhaus in Speicher AR f\u00fcr Ihre Familienferien abseits der g\u00e4ngigen Buchungsplattformen buchen und profitieren von g\u00fcnstigeren Preisen ohne Vermittlungsgeb\u00fchren der jeweiligen Plattformen.<\/p>\n\n\n\n<p>Die \u00dcbernachtungspreise starten bei CHF 50 pro Nacht und Person.<\/p>\n\n\n\n<p>Bitte melden Sie sich per Mail f\u00fcr einen Verf\u00fcgbarkeitscheck und eine unverbindliche <a href=\"https:\/\/appenzeller-ferienhaus.ch\/?page_id=56\" data-type=\"page\" data-id=\"56\">Preisanfrage<\/a> unter <a href=\"mailto:info@appenzeller-ferienhaus.ch\">info@appenzeller-ferienhaus.ch<\/a>. Bitte genaue Reisedaten und Anzahl Mitreisende (mit Alter) angeben.<\/p>\n\n\n\n<p><strong>Gerne machen wir f\u00fcr Ihre Grossfamilie oder Ihre Mitarbeitenden eine Pauschale.<\/strong><\/p>\n\n\n\n<p>Alternativ k\u00f6nnen Sie die Verf\u00fcgbarkeit des Ferienhauses auch \u00fcber Airbnb \u00fcberpr\u00fcfen und gleich buchen: <a href=\"https:\/\/www.airbnb.ch\/rooms\/44410456\">https:\/\/www.airbnb.ch\/rooms\/44410456<\/a><\/p>\n\n\n\n<p>__________________________________________________________________________________<\/p>\n\n\n\n<p>Unser Landhaus ist ein im 2022 neu renoviertes original Appenzeller Bauernhaus, dessen Grundmauern aus dem Jahre 1650 stammen. Es befindet sich in Speicher in Appenzell Ausserrhoden in der N\u00e4he von St.Gallen in der Ostschweiz. Das Ferienhaus bietet Platz f\u00fcr bis zu 11 Personen oder und 1-2 Babys. Wenn alle separat schlafen wollen, bietet es Platz f\u00fcr 8 Personen und 1-2 Babys.<\/p>\n\n\n\n<p><\/p>\n\n\n\n<p>\u00dcbernachten Sie in einem original Appenzeller Bauernhaus mit 4 Schlafzimmern, 1. K\u00fcche, 1 Waschraum \/ Wickelraum,1 Wohnzimmer und 2 B\u00e4dern (3 Doppelbetten, 3 Einzelbetten, 1 Babybeistellbett, 1 Babyreisebett, und 2 Schlafsofas)<\/p>\n\n\n\n<p>Das Haus liegt abgeschieden auf dem Land, inmitten einer Schafweide in der Gemeinde Speicher. Dennoch ist man in 10 min in der Stadt St.Gallen und auf der Autobahn. \u00dcber die Autobahn ist man in ca. einer Stunde in Z\u00fcrich. Es hat Abstellpl\u00e4tze f\u00fcr ca. 3 Autos und 50m entfernt hat es eine Bushaltestelle. Es hat einen sch\u00f6nen Aussenbereich mit Rutschbahn, Liegest\u00fchlen und H\u00e4ngematte zur Entspannung und mit einer Grillstelle mit Sitzbereich.<\/p>\n\n\n\n<p><\/p>\n\n\n\n<p>Eine \u00fcbersicht \u00fcber unser Angebot finden Sie auch unter <a href=\"https:\/\/fewo-ar.ch\/\">https:\/\/fewo-ar.ch\/<\/a><\/p>\n","protected":false},"excerpt":{"rendered":"<p>Auf diesen Seiten k\u00f6nnen Sie unser Ferienhaus in Speicher AR f\u00fcr Ihre Familienferien abseits der g\u00e4ngigen Buchungsplattformen buchen und profitieren von g\u00fcnstigeren Preisen ohne Vermittlungsgeb\u00fchren der jeweiligen Plattformen. Die \u00dcbernachtungspreise starten bei CHF 50 pro Nacht und Person. Bitte melden <a href=\"https:\/\/appenzeller-ferienhaus.ch\/\" class=\"more-link\">Weiterlesen<\/a><\/p>\n","protected":false},"author":1,"featured_media":0,"parent":0,"menu_order":0,"comment_status":"closed","ping_status":"closed","template":"","meta":{"footnotes":""},"class_list":["post-11","page","type-page","status-publish","hentry"],"_links":{"self":[{"href":"https:\/\/appenzeller-ferienhaus.ch\/index.php?rest_route=\/wp\/v2\/pages\/11","targetHints":{"allow":["GET"]}}],"collection":[{"href":"https:\/\/appenzeller-ferienhaus.ch\/index.php?rest_route=\/wp\/v2\/pages"}],"about":[{"href":"https:\/\/appenzeller-ferienhaus.ch\/index.php?rest_route=\/wp\/v2\/types\/page"}],"author":[{"embeddable":true,"href":"https:\/\/appenzeller-ferienhaus.ch\/index.php?rest_route=\/wp\/v2\/users\/1"}],"replies":[{"embeddable":true,"href":"https:\/\/appenzeller-ferienhaus.ch\/index.php?rest_route=%2Fwp%2Fv2%2Fcomments&post=11"}],"version-history":[{"count":20,"href":"https:\/\/appenzeller-ferienhaus.ch\/index.php?rest_route=\/wp\/v2\/pages\/11\/revisions"}],"predecessor-version":[{"id":383,"href":"https:\/\/appenzeller-ferienhaus.ch\/index.php?rest_route=\/wp\/v2\/pages\/11\/revisions\/383"}],"wp:attachment":[{"href":"https:\/\/appenzeller-ferienhaus.ch\/index.php?rest_route=%2Fwp%2Fv2%2Fmedia&parent=11"}],"curies":[{"name":"wp","href":"https:\/\/api.w.org\/{rel}","templated":true}]}}