{"id":223,"date":"2023-08-19T05:20:43","date_gmt":"2023-08-19T05:20:43","guid":{"rendered":"https:\/\/appenzeller-ferienhaus.ch\/?page_id=223"},"modified":"2024-09-04T05:14:13","modified_gmt":"2024-09-04T05:14:13","slug":"zusaetzliche-services","status":"publish","type":"page","link":"https:\/\/appenzeller-ferienhaus.ch\/?page_id=223","title":{"rendered":"Zus\u00e4tzliche Services"},"content":{"rendered":"\n<p><strong><em>Holz:<\/em><\/strong><\/p>\n\n\n\n<p>Da uns mal Airbnb-Nutzer an einem Wochenende mehr als ein Ster Holz verfeuert hat, k\u00f6nnen wir das Feuerholz nicht mehr gratis zu Verf\u00fcgung stellen. Selbstverst\u00e4ndlich darf man aber selber welches mitnehmen oder im angrenzenden Wald, der ebenfalls zur Liegenschaft geh\u00f6rt, gratis Holz sammeln und auf der Feuerstelle benutzen. Gerne lege ich Euch aber auf Wunsch und Aufpreis trockenes Brennholz bereit (CHF 15.- pro Karton \u00e0 15kg). 15kg reichen ca. f\u00fcr einen Abend f\u00fcr eine Feuerstelle.<\/p>\n\n\n\n<p><strong><em>Topfsortiment f\u00fcr offenes Feuer:<\/em><\/strong><\/p>\n\n\n\n<p>Falls ihr ein Outdoor- Fondue, ein Outdoor-Gulasch oder Marroni etc. machen wollt, stelle ich Euch gerne f\u00fcr CHF 20.- ein spezielles Pfannen- und Topf-Sortiment f\u00fcr die offene Feuerstelle zu Verf\u00fcgung.<\/p>\n\n\n\n<p><strong><em>Raclette \u00d6fen, Fondue Caquelon, Fondue Chinoise<\/em><\/strong><\/p>\n\n\n\n<p>Gerne stelle ich Dir f\u00fcr je CHF 15.- zwei Raclette \u00d6fen, ein Set f\u00fcr K\u00e4sefondue (ein Caquelon, Untersteller, Gabeln und Brennpaste) oder ein Set f\u00fcr Fondue Chinoise (elektrisch mit Gabeln und speziellen Chinoisetellern) bereit.<\/p>\n\n\n\n<p><strong><em>Goldwaschset:<\/em><\/strong><\/p>\n\n\n\n<p>Die Goldach befindet sich in Gehdistanz (10-15min entfernt vom Landhaus). Die Goldach tr\u00e4gt ihren Namen, weil sie auch Gold f\u00fchrt.<\/p>\n\n\n\n<p>Aus diesem Grund haben wir ein kleines Goldwaschset angeschafft, da wir mit unseren Kindern ab und zu an der Goldach Gold waschen. Gerne stellen wir Ihnen das Set f\u00fcr CHF 15.- pro Aufenthalt zu Verf\u00fcgung (nur im Sommer zu empfehlen).<\/p>\n\n\n\n<p><strong><em>Bettw\u00e4sche gegl\u00e4ttet:<\/em><\/strong><\/p>\n\n\n\n<p>Um die Reinigungsgeb\u00fchren so tief wie m\u00f6glich zu halten, gl\u00e4tten wir die Bettw\u00e4sche nach dem Waschen nicht mehr. Wenn Sie gerne nicht nur frisch gewaschene, sondern auch gegl\u00e4ttete Bettw\u00e4sche haben m\u00f6chten, dann werden wir gegen einen pauschalen Aufpreis von CHF 120.- Ihrem Wunsch gerne nachkommen.<\/p>\n\n\n\n<p><strong><em>Pokertisch und Pokerkoffer:<\/em><\/strong><\/p>\n\n\n\n<p>Eine Pokertisch-Auflage und Pokerkoffer k\u00f6nnen f\u00fcr CHF 25.- im Voraus bestellt werden.<\/p>\n\n\n\n<p><strong><em>K\u00fchltruhe mit gek\u00fchltem Bier bei Ihrer Anreise<\/em><\/strong><\/p>\n\n\n\n<p>Vor allem im Sommer ist es ein Luxus, wenn mit einer K\u00fchlbox im Garten der Weg zum k\u00fchlen Bier nicht zu weit ist. F\u00fcr CHF 50.&#8211; steht eine 75l K\u00fchlbox gef\u00fcllt mit zwei Karton original Appenzeller &#8222;Qu\u00f6llfrisch&#8220; Bier bereit, sodass Sie bereits bei der Ankunft ein k\u00fchles Bier geniessen k\u00f6nnen. Die K\u00fchlbox k\u00fchlt bis -20\u00b0C und ist auch zum Gefrieren von Fleisch geeignet. Ohne Bier steht der Aussenk\u00fchlschrank f\u00fcr CHF 20.&#8211; leer f\u00fcr Sie bereit.<\/p>\n","protected":false},"excerpt":{"rendered":"<p>Holz: Da uns mal Airbnb-Nutzer an einem Wochenende mehr als ein Ster Holz verfeuert hat, k\u00f6nnen wir das Feuerholz nicht mehr gratis zu Verf\u00fcgung stellen. Selbstverst\u00e4ndlich darf man aber selber welches mitnehmen oder im angrenzenden Wald, der ebenfalls zur Liegenschaft <a href=\"https:\/\/appenzeller-ferienhaus.ch\/?page_id=223\" class=\"more-link\">Weiterlesen<\/a><\/p>\n","protected":false},"author":2,"featured_media":0,"parent":0,"menu_order":0,"comment_status":"closed","ping_status":"closed","template":"","meta":{"footnotes":""},"class_list":["post-223","page","type-page","status-publish","hentry"],"_links":{"self":[{"href":"https:\/\/appenzeller-ferienhaus.ch\/index.php?rest_route=\/wp\/v2\/pages\/223","targetHints":{"allow":["GET"]}}],"collection":[{"href":"https:\/\/appenzeller-ferienhaus.ch\/index.php?rest_route=\/wp\/v2\/pages"}],"about":[{"href":"https:\/\/appenzeller-ferienhaus.ch\/index.php?rest_route=\/wp\/v2\/types\/page"}],"author":[{"embeddable":true,"href":"https:\/\/appenzeller-ferienhaus.ch\/index.php?rest_route=\/wp\/v2\/users\/2"}],"replies":[{"embeddable":true,"href":"https:\/\/appenzeller-ferienhaus.ch\/index.php?rest_route=%2Fwp%2Fv2%2Fcomments&post=223"}],"version-history":[{"count":3,"href":"https:\/\/appenzeller-ferienhaus.ch\/index.php?rest_route=\/wp\/v2\/pages\/223\/revisions"}],"predecessor-version":[{"id":323,"href":"https:\/\/appenzeller-ferienhaus.ch\/index.php?rest_route=\/wp\/v2\/pages\/223\/revisions\/323"}],"wp:attachment":[{"href":"https:\/\/appenzeller-ferienhaus.ch\/index.php?rest_route=%2Fwp%2Fv2%2Fmedia&parent=223"}],"curies":[{"name":"wp","href":"https:\/\/api.w.org\/{rel}","templated":true}]}}