{"id":274,"date":"2024-08-17T11:38:13","date_gmt":"2024-08-17T11:38:13","guid":{"rendered":"https:\/\/appenzeller-ferienhaus.ch\/?page_id=274"},"modified":"2024-11-17T10:07:32","modified_gmt":"2024-11-17T10:07:32","slug":"preise-bienenhaus","status":"publish","type":"page","link":"https:\/\/appenzeller-ferienhaus.ch\/?page_id=274","title":{"rendered":"Preise Bienenhaus (max. 2 Personen)"},"content":{"rendered":"\n<p>Die Preise f\u00fcr das Tiny Ferienhaus betragen:<\/p>\n\n\n\n<figure class=\"wp-block-table is-style-stripes\"><table><tbody><tr><td><\/td><td><strong>Preis pro Nacht<\/strong><\/td><td><strong>Rabatt f\u00fcr Wochenmiete ab 6 N\u00e4chten<\/strong><\/td><td><strong>Reinigungsgeb\u00fchr pro Aufenthalt&nbsp;<\/strong><\/td><\/tr><tr><td><\/td><td><\/td><td><\/td><td><\/td><\/tr><tr><td><strong>Hauptsaison (Sommer und Feiertagswochen)<\/strong><\/td><td>70<\/td><td>15%<\/td><td>120<\/td><\/tr><tr><td><strong>Schulferien (Herbst, Winter, Fr\u00fchling)<\/strong><\/td><td>60<\/td><td>15%<\/td><td>120<\/td><\/tr><tr><td><strong>Spezialtage 1.August, Weihnachten (24\/25.12)&nbsp; und Neujahr (31.12.\/1.1.)<\/strong> <strong>etc.<\/strong><\/td><td>100<\/td><td>&#8211;<\/td><td>120<\/td><\/tr><tr><td><strong>Nebensaison (Resttage)<\/strong><\/td><td>50<\/td><td>15%<\/td><td>120<\/td><\/tr><\/tbody><\/table><\/figure>\n\n\n\n<p>Alle Preise in CHF. <\/p>\n\n\n\n<p><\/p>\n\n\n\n<p>Bitte melden Sie sich per Mail f\u00fcr einen Verf\u00fcgbarkeitscheck und eine unverbindliche Preisanfrage unter <a href=\"mailto:info@appenzeller-ferienhaus.ch\">info@appenzeller-ferienhaus.ch<\/a> ! Bitte genaue Reisedaten und Anzahl Mitreisende (mit Alter) angeben.<\/p>\n\n\n\n<p><strong>Gerne machen wir f\u00fcr Ihre Grossfamilie (f\u00fcr beide H\u00e4user) oder Ihre Mitarbeitenden eine Pauschale. Fragen Sie unverbindlich nach!<\/strong><\/p>\n\n\n\n<p>Eine Anzahlung von 100% des Gesamtpreises wird bei Buchung f\u00e4llig. Zahlbar per Bankeinzug oder Twint. Die Buchung ist erst mit Zahlungseingang definitiv. Die \u00dcbernachtungsgeb\u00fchr beinhaltet die kant. Tourismusabgabe, Handt\u00fccher, Putzmittel und frische Bettw\u00e4sche (ungeb\u00fcgelt).<\/p>\n\n\n\n<h2 class=\"wp-block-heading\">Mindestaufenthalt \/ Anzahl \u00dcbernachtungen \/ Belegung:<\/h2>\n\n\n\n<ul class=\"wp-block-list\">\n<li>3 N\u00e4chte an Feiertagen ( Ostern, Pfingsten, Auffahrt und Weihnachtswoche)<\/li>\n\n\n\n<li>6 N\u00e4chte in den Monaten Juli bis August<\/li>\n\n\n\n<li>2 N\u00e4chte Rest des Jahres, ausser Hauptsaison<\/li>\n\n\n\n<li>Belegung: Max 2 Erwachsene und 1 Kind \/Baby<\/li>\n<\/ul>\n\n\n\n<h2 class=\"wp-block-heading\">Buchungs- und Storno Bedingungen:<\/h2>\n\n\n\n<ul class=\"wp-block-list\">\n<li>Bis 8 Wochen vor Anreise: R\u00fcckerstattung der Reinigungsgeb\u00fchr und  R\u00fcckerstattung der geleisteten Anzahlung abz\u00fcglich 30% Stornogeb\u00fchr.<\/li>\n\n\n\n<li>Ab 8 Wochen vor Anreise: R\u00fcckerstattung der Reinigungsgeb\u00fchr.<\/li>\n\n\n\n<li>beachten sie die AGBs: <a href=\"https:\/\/appenzeller-ferienhaus.ch\/?page_id=60\">https:\/\/appenzeller-ferienhaus.ch\/?page_id=60<\/a><\/li>\n<\/ul>\n\n\n\n<h2 class=\"wp-block-heading\">Alternative Buchungs- und Zahlungsm\u00f6glichkeit<\/h2>\n\n\n\n<p>Alternativ k\u00f6nnen Sie das Ferienhaus auch \u00fcber <strong>Airbnb<\/strong> buchen: <a href=\"https:\/\/airbnb.ch\/h\/bienen-haus\">https:\/\/airbnb.ch\/h\/bienen-haus<\/a>. Die Plattform bietet weitere Zahlungsm\u00f6glichkeiten per <strong>Kreditkarte<\/strong>.<\/p>\n\n\n\n<p>Die Preise und Bedingungen k\u00f6nnen auf den externen Buchungsplattformen abweichen, da die Plattform wie Airbnb ihre Vermittlungsgeb\u00fchren mit einberechnet und die Preise ohne unser Zutun flexibel  festgelegt werden; wir definieren nur die Rahmenbedingungen. Mit Buchung \u00fcber eine externe Plattform akzeptieren Sie die Bedingungen, welche auf der entsprechende Plattform publiziert sind.<\/p>\n","protected":false},"excerpt":{"rendered":"<p>Die Preise f\u00fcr das Tiny Ferienhaus betragen: Preis pro Nacht Rabatt f\u00fcr Wochenmiete ab 6 N\u00e4chten Reinigungsgeb\u00fchr pro Aufenthalt&nbsp; Hauptsaison (Sommer und Feiertagswochen) 70 15% 120 Schulferien (Herbst, Winter, Fr\u00fchling) 60 15% 120 Spezialtage 1.August, Weihnachten (24\/25.12)&nbsp; und Neujahr (31.12.\/1.1.) <a href=\"https:\/\/appenzeller-ferienhaus.ch\/?page_id=274\" class=\"more-link\">Weiterlesen<\/a><\/p>\n","protected":false},"author":2,"featured_media":0,"parent":277,"menu_order":1,"comment_status":"closed","ping_status":"closed","template":"","meta":{"footnotes":""},"class_list":["post-274","page","type-page","status-publish","hentry"],"_links":{"self":[{"href":"https:\/\/appenzeller-ferienhaus.ch\/index.php?rest_route=\/wp\/v2\/pages\/274","targetHints":{"allow":["GET"]}}],"collection":[{"href":"https:\/\/appenzeller-ferienhaus.ch\/index.php?rest_route=\/wp\/v2\/pages"}],"about":[{"href":"https:\/\/appenzeller-ferienhaus.ch\/index.php?rest_route=\/wp\/v2\/types\/page"}],"author":[{"embeddable":true,"href":"https:\/\/appenzeller-ferienhaus.ch\/index.php?rest_route=\/wp\/v2\/users\/2"}],"replies":[{"embeddable":true,"href":"https:\/\/appenzeller-ferienhaus.ch\/index.php?rest_route=%2Fwp%2Fv2%2Fcomments&post=274"}],"version-history":[{"count":11,"href":"https:\/\/appenzeller-ferienhaus.ch\/index.php?rest_route=\/wp\/v2\/pages\/274\/revisions"}],"predecessor-version":[{"id":354,"href":"https:\/\/appenzeller-ferienhaus.ch\/index.php?rest_route=\/wp\/v2\/pages\/274\/revisions\/354"}],"up":[{"embeddable":true,"href":"https:\/\/appenzeller-ferienhaus.ch\/index.php?rest_route=\/wp\/v2\/pages\/277"}],"wp:attachment":[{"href":"https:\/\/appenzeller-ferienhaus.ch\/index.php?rest_route=%2Fwp%2Fv2%2Fmedia&parent=274"}],"curies":[{"name":"wp","href":"https:\/\/api.w.org\/{rel}","templated":true}]}}