{"id":277,"date":"2024-08-17T11:35:02","date_gmt":"2024-08-17T11:35:02","guid":{"rendered":"https:\/\/appenzeller-ferienhaus.ch\/?page_id=277"},"modified":"2024-08-17T11:43:59","modified_gmt":"2024-08-17T11:43:59","slug":"preise-landhaus-6-11-personen","status":"publish","type":"page","link":"https:\/\/appenzeller-ferienhaus.ch\/?page_id=277","title":{"rendered":"Preise"},"content":{"rendered":"\n<p>Die Preise f\u00fcr das grosse Landhaus f\u00fcr 6-11 Personen finden Sie unter: <a href=\"https:\/\/appenzeller-ferienhaus.ch\/?page_id=56\" data-type=\"page\" data-id=\"56\">Preise Landhaus (6-11Personen)<\/a><\/p>\n\n\n\n<figure class=\"wp-block-image size-large\"><img loading=\"lazy\" decoding=\"async\" width=\"1024\" height=\"577\" src=\"https:\/\/appenzeller-ferienhaus.ch\/wp-content\/uploads\/2024\/08\/20230802_130221-1024x577.jpg\" alt=\"\" class=\"wp-image-285\" srcset=\"https:\/\/appenzeller-ferienhaus.ch\/wp-content\/uploads\/2024\/08\/20230802_130221-1024x577.jpg 1024w, https:\/\/appenzeller-ferienhaus.ch\/wp-content\/uploads\/2024\/08\/20230802_130221-300x169.jpg 300w, https:\/\/appenzeller-ferienhaus.ch\/wp-content\/uploads\/2024\/08\/20230802_130221-768x432.jpg 768w, https:\/\/appenzeller-ferienhaus.ch\/wp-content\/uploads\/2024\/08\/20230802_130221-1536x865.jpg 1536w, https:\/\/appenzeller-ferienhaus.ch\/wp-content\/uploads\/2024\/08\/20230802_130221-2048x1153.jpg 2048w\" sizes=\"auto, (max-width: 1024px) 100vw, 1024px\" \/><\/figure>\n\n\n\n<p>Die Preise f\u00fcr das kleine &#8222;Bienenhaus&#8220; f\u00fcr 2 Personen finden Sie unter: <a href=\"https:\/\/appenzeller-ferienhaus.ch\/?page_id=274\" data-type=\"page\" data-id=\"274\">Preise Bienenhaus<\/a><\/p>\n\n\n\n<figure class=\"wp-block-image size-large\"><img loading=\"lazy\" decoding=\"async\" width=\"1024\" height=\"577\" src=\"https:\/\/appenzeller-ferienhaus.ch\/wp-content\/uploads\/2024\/08\/20240804_135732-1024x577.jpg\" alt=\"\" class=\"wp-image-286\" srcset=\"https:\/\/appenzeller-ferienhaus.ch\/wp-content\/uploads\/2024\/08\/20240804_135732-1024x577.jpg 1024w, https:\/\/appenzeller-ferienhaus.ch\/wp-content\/uploads\/2024\/08\/20240804_135732-300x169.jpg 300w, https:\/\/appenzeller-ferienhaus.ch\/wp-content\/uploads\/2024\/08\/20240804_135732-768x432.jpg 768w, https:\/\/appenzeller-ferienhaus.ch\/wp-content\/uploads\/2024\/08\/20240804_135732-1536x865.jpg 1536w, https:\/\/appenzeller-ferienhaus.ch\/wp-content\/uploads\/2024\/08\/20240804_135732-2048x1153.jpg 2048w\" sizes=\"auto, (max-width: 1024px) 100vw, 1024px\" \/><\/figure>\n","protected":false},"excerpt":{"rendered":"<p>Die Preise f\u00fcr das grosse Landhaus f\u00fcr 6-11 Personen finden Sie unter: Preise Landhaus (6-11Personen) Die Preise f\u00fcr das kleine &#8222;Bienenhaus&#8220; f\u00fcr 2 Personen finden Sie unter: Preise Bienenhaus<\/p>\n","protected":false},"author":2,"featured_media":0,"parent":0,"menu_order":0,"comment_status":"closed","ping_status":"closed","template":"","meta":{"footnotes":""},"class_list":["post-277","page","type-page","status-publish","hentry"],"_links":{"self":[{"href":"https:\/\/appenzeller-ferienhaus.ch\/index.php?rest_route=\/wp\/v2\/pages\/277","targetHints":{"allow":["GET"]}}],"collection":[{"href":"https:\/\/appenzeller-ferienhaus.ch\/index.php?rest_route=\/wp\/v2\/pages"}],"about":[{"href":"https:\/\/appenzeller-ferienhaus.ch\/index.php?rest_route=\/wp\/v2\/types\/page"}],"author":[{"embeddable":true,"href":"https:\/\/appenzeller-ferienhaus.ch\/index.php?rest_route=\/wp\/v2\/users\/2"}],"replies":[{"embeddable":true,"href":"https:\/\/appenzeller-ferienhaus.ch\/index.php?rest_route=%2Fwp%2Fv2%2Fcomments&post=277"}],"version-history":[{"count":4,"href":"https:\/\/appenzeller-ferienhaus.ch\/index.php?rest_route=\/wp\/v2\/pages\/277\/revisions"}],"predecessor-version":[{"id":287,"href":"https:\/\/appenzeller-ferienhaus.ch\/index.php?rest_route=\/wp\/v2\/pages\/277\/revisions\/287"}],"wp:attachment":[{"href":"https:\/\/appenzeller-ferienhaus.ch\/index.php?rest_route=%2Fwp%2Fv2%2Fmedia&parent=277"}],"curies":[{"name":"wp","href":"https:\/\/api.w.org\/{rel}","templated":true}]}}