{"id":56,"date":"2022-04-01T14:56:39","date_gmt":"2022-04-01T14:56:39","guid":{"rendered":"https:\/\/appenzeller-ferienhaus.ch\/?page_id=56"},"modified":"2024-11-17T10:09:02","modified_gmt":"2024-11-17T10:09:02","slug":"preise","status":"publish","type":"page","link":"https:\/\/appenzeller-ferienhaus.ch\/?page_id=56","title":{"rendered":"Preise Landhaus (max. 6-11 Personen)"},"content":{"rendered":"\n<figure class=\"wp-block-table is-style-stripes\"><table><tbody><tr><td><\/td><td><strong>Preis pro Nacht und pro Person<\/strong><\/td><td><strong>Rabatt f\u00fcr Wochenmiete ab 6 N\u00e4chten<\/strong><\/td><td><strong>Preis pro Nacht u. Person f\u00fcr reine Wochenendmiete Fr-So  <\/strong><\/td><td><strong>Reinigungsgeb\u00fchr pro Aufenthalt&nbsp;<\/strong><\/td><\/tr><tr><td><\/td><td><\/td><td><\/td><td><\/td><td><\/td><\/tr><tr><td><strong>Hauptsaison (Sommer und Feiertagswochen)<\/strong><\/td><td>70<\/td><td>15%<\/td><td>nicht m\u00f6glich<\/td><td>199<\/td><\/tr><tr><td><strong>Schulferien (Herbst, Winter, Fr\u00fchling)<\/strong><\/td><td>60<\/td><td>15%<\/td><td>85<\/td><td>199<\/td><\/tr><tr><td><strong>Spezialtage 1.August, Weihnachten (24\/25.12)&nbsp; und Neujahr (31.12.\/1.1.)<\/strong> <strong>etc.<\/strong><\/td><td>85<\/td><td>&#8211;<\/td><td>nicht m\u00f6glich<\/td><td>199<\/td><\/tr><tr><td><strong>Nebensaison (Resttage)<\/strong><\/td><td>50<\/td><td>15%<\/td><td>65<\/td><td>199<\/td><\/tr><\/tbody><\/table><\/figure>\n\n\n\n<p>Alle Preise in CHF. <\/p>\n\n\n\n<p>Rabatt f\u00fcr Kinder bis 16 Jahre.<\/p>\n\n\n\n<p>Bitte melden Sie sich per Mail f\u00fcr einen Verf\u00fcgbarkeitscheck und eine unverbindliche Preisanfrage unter <a href=\"mailto:info@appenzeller-ferienhaus.ch\">info@appenzeller-ferienhaus.ch<\/a> ! Bitte genaue Reisedaten und Anzahl Mitreisende (mit Alter) angeben.<\/p>\n\n\n\n<p><strong>Gerne machen wir f\u00fcr Ihre Grossfamilie oder Ihre Mitarbeitenden eine Pauschale. Fragen Sie unverbindlich nach!<\/strong><\/p>\n\n\n\n<p>Eine Anzahlung von 100% des Gesamtpreises wird bei Buchung f\u00e4llig. Zahlbar per Bankeinzug oder Twint. Die Buchung ist erst mit Zahlungseingang definitiv. Die \u00dcbernachtungsgeb\u00fchr beinhaltet die kant. Tourismusabgabe, Handt\u00fccher, Putzmittel und frische Bettw\u00e4sche (ungeb\u00fcgelt).<\/p>\n\n\n\n<h2 class=\"wp-block-heading\">Mindestaufenthalt \/ Anzahl \u00dcbernachtungen \/ Belegung:<\/h2>\n\n\n\n<ul class=\"wp-block-list\">\n<li>3 N\u00e4chte an Feiertagen ( Ostern, Pfingsten, Auffahrt und Weihnachtswoche)<\/li>\n\n\n\n<li>7 N\u00e4chte in den Monaten Juli bis August<\/li>\n\n\n\n<li>2 N\u00e4chte Rest des Jahres<\/li>\n\n\n\n<li>25% Aufschlag bei nur einer \u00dcbernachtung<\/li>\n\n\n\n<li>Belegung: mindestens 3 Erwachsene max. 11 Personen.<\/li>\n<\/ul>\n\n\n\n<h2 class=\"wp-block-heading\">Buchungs- und Storno Bedingungen:<\/h2>\n\n\n\n<ul class=\"wp-block-list\">\n<li>Bis 8 Wochen vor Anreise: R\u00fcckerstattung der Reinigungsgeb\u00fchr und  R\u00fcckerstattung der geleisteten Anzahlung abz\u00fcglich 30% Stornogeb\u00fchr.<\/li>\n\n\n\n<li>Ab 8 Wochen vor Anreise: R\u00fcckerstattung der Reinigungsgeb\u00fchr.<\/li>\n\n\n\n<li>Beachten Sie die AGBs<\/li>\n<\/ul>\n\n\n\n<h2 class=\"wp-block-heading\">Alternative Buchungs- und Zahlungsm\u00f6glichkeit<\/h2>\n\n\n\n<p>Alternativ k\u00f6nnen Sie das Ferienhaus auch \u00fcber <strong>Airbnb<\/strong> buchen: <a href=\"https:\/\/www.airbnb.ch\/rooms\/44410456\">https:\/\/www.airbnb.ch\/rooms\/44410456<\/a>. Die Plattform bietet weitere Zahlungsm\u00f6glichkeiten per <strong>Kreditkarte<\/strong>.<\/p>\n\n\n\n<p>Die Preise und Bedingungen k\u00f6nnen auf den externen Buchungsplattformen abweichen, da die Plattform wie Airbnb ihre Vermittlungsgeb\u00fchren mit einberechnet und die Preise ohne unser Zutun flexibel  festgelegt werden; wir definieren nur die Rahmenbedingungen. Mit Buchung \u00fcber eine externe Plattform akzeptieren Sie die Bedingungen, welche auf der entsprechende Plattform publiziert sind.<\/p>\n","protected":false},"excerpt":{"rendered":"<p>Preis pro Nacht und pro Person Rabatt f\u00fcr Wochenmiete ab 6 N\u00e4chten Preis pro Nacht u. Person f\u00fcr reine Wochenendmiete Fr-So Reinigungsgeb\u00fchr pro Aufenthalt&nbsp; Hauptsaison (Sommer und Feiertagswochen) 70 15% nicht m\u00f6glich 199 Schulferien (Herbst, Winter, Fr\u00fchling) 60 15% 85 <a href=\"https:\/\/appenzeller-ferienhaus.ch\/?page_id=56\" class=\"more-link\">Weiterlesen<\/a><\/p>\n","protected":false},"author":1,"featured_media":0,"parent":277,"menu_order":0,"comment_status":"closed","ping_status":"closed","template":"","meta":{"footnotes":""},"class_list":["post-56","page","type-page","status-publish","hentry"],"_links":{"self":[{"href":"https:\/\/appenzeller-ferienhaus.ch\/index.php?rest_route=\/wp\/v2\/pages\/56","targetHints":{"allow":["GET"]}}],"collection":[{"href":"https:\/\/appenzeller-ferienhaus.ch\/index.php?rest_route=\/wp\/v2\/pages"}],"about":[{"href":"https:\/\/appenzeller-ferienhaus.ch\/index.php?rest_route=\/wp\/v2\/types\/page"}],"author":[{"embeddable":true,"href":"https:\/\/appenzeller-ferienhaus.ch\/index.php?rest_route=\/wp\/v2\/users\/1"}],"replies":[{"embeddable":true,"href":"https:\/\/appenzeller-ferienhaus.ch\/index.php?rest_route=%2Fwp%2Fv2%2Fcomments&post=56"}],"version-history":[{"count":42,"href":"https:\/\/appenzeller-ferienhaus.ch\/index.php?rest_route=\/wp\/v2\/pages\/56\/revisions"}],"predecessor-version":[{"id":357,"href":"https:\/\/appenzeller-ferienhaus.ch\/index.php?rest_route=\/wp\/v2\/pages\/56\/revisions\/357"}],"up":[{"embeddable":true,"href":"https:\/\/appenzeller-ferienhaus.ch\/index.php?rest_route=\/wp\/v2\/pages\/277"}],"wp:attachment":[{"href":"https:\/\/appenzeller-ferienhaus.ch\/index.php?rest_route=%2Fwp%2Fv2%2Fmedia&parent=56"}],"curies":[{"name":"wp","href":"https:\/\/api.w.org\/{rel}","templated":true}]}}