{"id":58,"date":"2022-04-01T06:12:21","date_gmt":"2022-04-01T06:12:21","guid":{"rendered":"https:\/\/appenzeller-ferienhaus.ch\/?page_id=58"},"modified":"2025-01-11T08:04:28","modified_gmt":"2025-01-11T08:04:28","slug":"verfuegbarkeitscheck-und-airbnb","status":"publish","type":"page","link":"https:\/\/appenzeller-ferienhaus.ch\/?page_id=58","title":{"rendered":"Verf\u00fcgbarkeitscheck und Airbnb"},"content":{"rendered":"\n<p>Pr\u00fcfen Sie die Verf\u00fcgbarkeiten des Hauses auf Airbnb und fragen sie danach f\u00fcr einen besseren Preis an. I.d.R. kann ich Ihnen einen besseren Preis offerieren, da die Vermittlungsgeb\u00fchren wegfallen. <\/p>\n\n\n\n<p>Alternativ k\u00f6nnen Sie das Ferienhaus auch \u00fcber die Plattform Airbnb buchen, insbesondere wenn Sie mit Kreditkarte bezahlen m\u00f6chten, denn Kreditkartenzahlung k\u00f6nnen wir bei Direktbuchung nicht anbieten:<\/p>\n\n\n\n<p class=\"has-text-align-center\"><a href=\"https:\/\/www.airbnb.ch\/rooms\/44410456\">Link auf das Airbnb-Inserat<\/a> f\u00fcr einen Verf\u00fcgbarkeitscheck f\u00fcr das grosse Landhaus: <a href=\"https:\/\/airbnb.ch\/h\/appenzeller-ferienhaus\">https:\/\/airbnb.ch\/h\/appenzeller-ferienhaus<\/a><\/p>\n\n\n\n<p class=\"has-text-align-center\"><a href=\"http:\/\/f\u00fcr einen Verf\u00fcgbarkeitscheck\">Link auf das Airbnb-Inserat<\/a> f\u00fcr einen Verf\u00fcgbarkeitscheck f\u00fcr das Tiny-House: <a href=\"https:\/\/airbnb.ch\/h\/bienen-haus\">https:\/\/airbnb.ch\/h\/bienen-haus<\/a><\/p>\n\n\n\n<p>Die beiden Ferienh\u00e4user befinden sich auf demselben Grundst\u00fcck. Dann bietet es Schlafgelegenheit f\u00fcr max. 15 Personen. Wenn beide H\u00e4user verf\u00fcgbar sind, dann k\u00f6nnen Sie beide H\u00e4user gemeinsam buchen. Den Link f\u00fcr die gemeinsame Buchbarkeit auf Airbnb finden Sie unter: <a href=\"https:\/\/airbnb.ch\/h\/ferienhausmitbungalow\">https:\/\/airbnb.ch\/h\/ferienhausmitbungalow<\/a><\/p>\n\n\n\n<p>Die Preise k\u00f6nnen von den <a href=\"https:\/\/appenzeller-ferienhaus.ch\/?page_id=56\" data-type=\"page\" data-id=\"56\">Pauschalpreisen<\/a> auf dieser Seite abweichen, da die Plattformen ihre Vermittlungsgeb\u00fchren miteinberechnen und die Preise flexibel und ohne unser zutun aufgrund von Angebot und Nachfrage auf der eigenen Plattform innerhalb einer Bandbreite selber festgelegt. Zudem kann es aufgrund von Aktionen, welche ausserhalb unseres Einflussbereichs liegen, in seltenen F\u00e4llen zu tieferen Preisunterschieden kommen. Nutzen Sie die Airbnb-Inserate f\u00fcr einen Verf\u00fcgbarkeitscheck und einen ungef\u00e4hren Preischeck. Ich werde Ihnen immer ein g\u00fcnstigeres Direktangebot machen k\u00f6nnen. Allerdings ist dann nur Vorauskasse per Einzahlung m\u00f6glich; wenn sie mit Kreditkarte bezahlen m\u00f6chten, dann m\u00fcssen Sie die Buchung und Bezahlung bitte \u00fcber Airbnb vornehmen.<\/p>\n\n\n\n<p>Daher melden Sie sich am besten per Mail f\u00fcr eine unverbindliche Preisanfrage unter <a href=\"mailto:info@appenzeller-ferienhaus.ch\">info@appenzeller-ferienhaus.ch<\/a> &nbsp;<\/p>\n\n\n\n<p><\/p>\n","protected":false},"excerpt":{"rendered":"<p>Pr\u00fcfen Sie die Verf\u00fcgbarkeiten des Hauses auf Airbnb und fragen sie danach f\u00fcr einen besseren Preis an. I.d.R. kann ich Ihnen einen besseren Preis offerieren, da die Vermittlungsgeb\u00fchren wegfallen. Alternativ k\u00f6nnen Sie das Ferienhaus auch \u00fcber die Plattform Airbnb buchen, <a href=\"https:\/\/appenzeller-ferienhaus.ch\/?page_id=58\" class=\"more-link\">Weiterlesen<\/a><\/p>\n","protected":false},"author":1,"featured_media":0,"parent":0,"menu_order":0,"comment_status":"closed","ping_status":"closed","template":"","meta":{"footnotes":""},"class_list":["post-58","page","type-page","status-publish","hentry"],"_links":{"self":[{"href":"https:\/\/appenzeller-ferienhaus.ch\/index.php?rest_route=\/wp\/v2\/pages\/58","targetHints":{"allow":["GET"]}}],"collection":[{"href":"https:\/\/appenzeller-ferienhaus.ch\/index.php?rest_route=\/wp\/v2\/pages"}],"about":[{"href":"https:\/\/appenzeller-ferienhaus.ch\/index.php?rest_route=\/wp\/v2\/types\/page"}],"author":[{"embeddable":true,"href":"https:\/\/appenzeller-ferienhaus.ch\/index.php?rest_route=\/wp\/v2\/users\/1"}],"replies":[{"embeddable":true,"href":"https:\/\/appenzeller-ferienhaus.ch\/index.php?rest_route=%2Fwp%2Fv2%2Fcomments&post=58"}],"version-history":[{"count":13,"href":"https:\/\/appenzeller-ferienhaus.ch\/index.php?rest_route=\/wp\/v2\/pages\/58\/revisions"}],"predecessor-version":[{"id":388,"href":"https:\/\/appenzeller-ferienhaus.ch\/index.php?rest_route=\/wp\/v2\/pages\/58\/revisions\/388"}],"wp:attachment":[{"href":"https:\/\/appenzeller-ferienhaus.ch\/index.php?rest_route=%2Fwp%2Fv2%2Fmedia&parent=58"}],"curies":[{"name":"wp","href":"https:\/\/api.w.org\/{rel}","templated":true}]}}