{"id":62,"date":"2022-04-01T06:30:36","date_gmt":"2022-04-01T06:30:36","guid":{"rendered":"https:\/\/appenzeller-ferienhaus.ch\/?page_id=62"},"modified":"2022-08-31T04:59:48","modified_gmt":"2022-08-31T04:59:48","slug":"ausstattung-bilder-weitere-infos","status":"publish","type":"page","link":"https:\/\/appenzeller-ferienhaus.ch\/?page_id=62","title":{"rendered":"Ausstattung und weitere Infos"},"content":{"rendered":"\n<p><\/p>\n\n\n\n<p>Sie \u00fcbernachten in einem im 2021\/2022 renovierten original Appenzeller Bauernhaus mit 3 Schlafzimmern (mit Doppelbetten), 1 Schlafzimmer mit 3 Einzelbetten, 1 Wohnzimmer mit einer Schlafcouch+ 2 B\u00e4dern. Ein weiteres Bett, mit zwei Schlafpl\u00e4tzen kann im Dachgeschoss aufgestellt werden. <strong>Es bietet Platz f\u00fcr maximal 11 Personen und 2 Babys.<\/strong><br>Das Haus liegt abgeschieden inmitten einer Schafweide am Rande eines dazugeh\u00f6rigen Waldes. Dennoch ist man in 10 min in der Stadt St.Gallen. Es hat Parkpl\u00e4tze f\u00fcr ca. 3 Autos; 50m entfernt hat es eine Bushaltestelle. Es hat einen sch\u00f6nen Aussenbereich mit Liegest\u00fchlen und H\u00e4ngematte zur Entspannung und mit 2 Grillstellen (Gas und Holz). Der grosse Garten mit Rutschbahn, Schaukel, Sandkasten, Kinderpool etc. ist ideal f\u00fcr Kinder.<\/p>\n\n\n\n<h3 class=\"wp-block-heading\">Die Unterkunft<\/h3>\n\n\n\n<ul class=\"wp-block-list\"><li>Das Haus ist ideal f\u00fcr den Aufenthalt von 4-8 Erwachsenen, 3-4 Kindern und 1-2 Babys. Es hat aber genug Schlafpl\u00e4tze f\u00fcr maximal 11 Personen und 2 Babys.<\/li><li>Das OG und DG wurden 2021 abgerissen und 2022 neu gebaut, weshalb keine Partys erlaubt sind, damit das Haus noch lange gut erhalten bleibt.<\/li><li>Die Grundmauern stammen aus dem Jahr 1650 und ist seit langem in Familienbesitz.<\/li><li>Im Erdgeschoss befindet sich 1 Schlafzimmer mit einem Doppelbett, K\u00fcche, 1 Wohnzimmer mit einem ausziehbarem Schlafsofa und einem Bad mit Badewanne und Dusche.<\/li><li>Im 1. Stock befinden sich ein Schlafzimmer mit einem Doppelbett , einem Kinderzimmer mit 3 Betten und 1 Babyreisebett, ein Bad mit Dusche und ein Waschraum mit Waschmaschine und einen Wickeltisch.<\/li><li>Im Dachgeschoss hat es ein loftartiges grosses Zimmer mit einem Doppelbett und Sitzbereich; f\u00fcr eine zehnte Person kann ein Luftbett aufgestellt werden.<\/li><li>Die K\u00fcche ist voll eingerichtet und hat einen Geschirrsp\u00fchler, Kochfeld, Backofen, Mikrowelle, Wasserkocher, Kaffeemaschine (Nespresso), Toaster, Geschirr etc.<\/li><li>Der K\u00fcchentisch bietet Platz f\u00fcr 4-6 Personen; der Wohnzimmertisch f\u00fcr 8-10. Im Gang hat es 4 Klappst\u00fchle, welche noch dazugestellt werden k\u00f6nnen.<\/li><li>Es handelt sich um ein altes heimeliges Bauernhaus und manchmal knattert das Holz beim gehen. <\/li><li>Manchmal k\u00f6nnen aus dem K\u00fcchenfenster beim Fr\u00fchst\u00fcck Wildtiere beobachtet werden.<\/li><li>Es hat einen 300Liter Warmwasserboiler, einer W\u00e4rmepumpe und Solarenergie.<\/li><li>Es ist zweckm\u00e4ssig eingerichtet und verbreitet H\u00fcttenfeeling.<\/li><\/ul>\n\n\n\n<h3 class=\"wp-block-heading\">Zugang f\u00fcr G\u00e4ste<\/h3>\n\n\n\n<p>Sie haben zu allen Wohnr\u00e4umen Zugang. Es hat einen eigenen Bereich im Garten mit einer offenen Feuerstelle und einem Gasgrill.<\/p>\n\n\n\n<p>F\u00fcr Babys haben wir zwei Reisebetten\/Beistellbetten, Babyst\u00fchle und es hat einen Wickeltisch. Bitte melde Dich vorzeitig, wenn wir  ein oder zwei Babybetter beziehen und bereitstellen sollen. F\u00fcr die 10te und 11te Person bereiten wir im Obergeschoss das Schlafsofa vor. Theoretisch hat es noch zwei weitere Schlafpl\u00e4tze auf dem Bettsofa im Wohnzimmer, das halten wir jedoch nicht f\u00fcr ideal, da das Wohnzimmer sonst zu klein ist.<\/p>\n\n\n\n<p>Klopapier, Geschirrsp\u00fchltabs, K\u00fcchengeschirr, Gew\u00fcrze und ein kleiner Notvorrat stehen bereit. Es hat eine Nespresso-Kapsel-Maschine, einen Toaster und einen Wasserkocher. Ein Raclette-Ofen und Fondue Caquelon mit Brennpaste stehen ebenfalls zu Verf\u00fcgung und m\u00fcssen nicht mitgeschleppt werden.<\/p>\n\n\n\n<p>Im Garten hat es zum Grillieren einen Gasgrill und eine offene Feuerstelle, sowie einen Feuerkorb f\u00fcr ein offenes Feuer. Grillzangen hat es in der K\u00fcche. Holz kann gratis im Wald gesammelt, mitgebracht oder von uns <a href=\"https:\/\/appenzeller-ferienhaus.ch\/?page_id=68\" data-type=\"page\" data-id=\"68\">bereitgestellt<\/a> werden.<\/p>\n\n\n\n<p>Falls ihr nicht selber kochen oder grillieren wollt, liegt auf dem K\u00fcchentisch ein kleiner Reisef\u00fchrer mit Empfehlungen f\u00fcr Restaurants.<\/p>\n\n\n\n<h2 class=\"wp-block-heading\"><br>Das bietet dir diese Unterkunft<\/h2>\n\n\n\n<h3 class=\"wp-block-heading\">Malerischer Ausblick<\/h3>\n\n\n\n<ul class=\"wp-block-list\"><li>Blick aufs Tal in dem die Goldach fliesst, Rehetobel und Trogen<\/li><\/ul>\n\n\n\n<h3 class=\"wp-block-heading\">Badezimmer<\/h3>\n\n\n\n<ul class=\"wp-block-list\"><li>Badewanne<\/li><li>F\u00f6hn<\/li><li>Reinigungsprodukte, Seife oder Duschgel<\/li><li>Aussendusche<\/li><\/ul>\n\n\n\n<h3 class=\"wp-block-heading\">Schlafzimmer und W\u00e4sche<\/h3>\n\n\n\n<ul class=\"wp-block-list\"><li>Waschmaschine&nbsp;\u2013 im Geb\u00e4ude: Kostenlos<\/li><li>Handt\u00fccher, <\/li><li>Bettw\u00e4sche, <\/li><li>Seife und Toilettenpapier<\/li><li>Kleiderb\u00fcgel<\/li><li>Bettw\u00e4sche<\/li><li>Extrakissen und -decken<\/li><li>Abdunklung<\/li><li>W\u00e4schest\u00e4nder f\u00fcr Kleidung<\/li><li>Aufbewahrung von Kleidung: Kommode und Einbauschrank<\/li><\/ul>\n\n\n\n<h3 class=\"wp-block-heading\">Unterhaltung<\/h3>\n\n\n\n<ul class=\"wp-block-list\"><li>2 Fernseher mit Kabelanschluss im DG und Wohnzimmer<\/li><li>2 Fernseher mit Chromecast, W-Lan TV im EG und OG Elternschlafzimmer<\/li><li>B\u00fccher und Lesematerial<\/li><\/ul>\n\n\n\n<h3 class=\"wp-block-heading\">F\u00fcr Familien<\/h3>\n\n\n\n<ul class=\"wp-block-list\"><li>Babybett\/Reisebett <\/li><li>Kinderb\u00fccher und Spielzeug (Indoor und Outdoor)<\/li><li>Hochstuhl<\/li><li>Wickeltisch<\/li><li>Spiele<\/li><li>auf Wunsch Pokertisch<\/li><li>Schaukel, Slakline, Rutsche etc.<\/li><\/ul>\n\n\n\n<h3 class=\"wp-block-heading\">Heizung und Klimaanlage<\/h3>\n\n\n\n<ul class=\"wp-block-list\"><li>Zentralheizung (W\u00e4rmepumpe und Solaranlage)<\/li><li>Tragbare Ventilatoren sind vorhanden, doch es ist durch das Holz auch im Sommer angenehm k\u00fchl<\/li><\/ul>\n\n\n\n<h3 class=\"wp-block-heading\">Sicheres Zuhause<\/h3>\n\n\n\n<ul class=\"wp-block-list\"><li>Rauchmelder<\/li><li>Feuerl\u00f6scher<\/li><li>Erste-Hilfe-Set<\/li><li>Babygitter muss im Voraus bestellt werden <\/li><\/ul>\n\n\n\n<h3 class=\"wp-block-heading\">Internet und B\u00fcro<\/h3>\n\n\n\n<ul class=\"wp-block-list\"><li>WLAN&nbsp;\u2013 43&nbsp;Mbit\/s (durch-Airbnb Geschwindigkeitstest verifiziert). <\/li><li>damit kann man 4K-Videos streamen und an Videogespr\u00e4chen teilnehmen.<\/li><li>Arbeitsplatz: G\u00e4sten steht ein Schreibtisch oder ein Tisch zur Verf\u00fcgung, der nur zum Arbeiten genutzt wird.<\/li><\/ul>\n\n\n\n<h3 class=\"wp-block-heading\">K\u00fcche und Esszimmer<\/h3>\n\n\n\n<ul class=\"wp-block-list\"><li>K\u00fchlschrank<\/li><li>Mikrowelle<\/li><li>Grundausstattung zum Kochen: T\u00f6pfe und Pfannen, \u00d6l, Salz und Pfeffer<\/li><li>Geschirr und Besteck<\/li><li>Sch\u00fcsseln, Essst\u00e4bchen, Teller, Tassen usw.<\/li><li>Gefrierschrank<\/li><li>Ge\u00adschirr\u00adsp\u00fcl\u00adma\u00adschi\u00adne<\/li><li>Elektroherd mit Ofen<\/li><li>Wasserkocher<\/li><li>B\u00fcgelbrett und B\u00fcgeleisen<\/li><li>Kaffeemaschine: Nespresso-Maschine<\/li><li>Weingl\u00e4ser<\/li><li>Toaster<\/li><li>Backblech<\/li><li>Mixer<\/li><li>Grillbesteck, Bambus-\/Metallspie\u00dfe usw.<\/li><li>Kaffeekapseln <\/li><li>Esstisch<\/li><li>Sp\u00fclmittel f\u00fcr Handsp\u00fclung und Gespirrsp\u00fcler<\/li><\/ul>\n\n\n\n<h3 class=\"wp-block-heading\">Rund um die Unterkunft<\/h3>\n\n\n\n<ul class=\"wp-block-list\"><li>Privater Eingang: Eigener Strassenzugang oder Hauseingang<\/li><\/ul>\n\n\n\n<h3 class=\"wp-block-heading\">Aussenbereiche<\/h3>\n\n\n\n<ul class=\"wp-block-list\"><li>privat Garten&nbsp;\u2013 Komplett umz\u00e4unt<\/li><li>Eine offene Fl\u00e4che auf dem Grundst\u00fcck, die normalerweise mit Gras bedeckt ist<\/li><li>Gasgrill<\/li><li>Feuerstelle zur Mitbenutzung<\/li><li>Gartenm\u00f6bel<\/li><li>H\u00e4ngematte<\/li><li>Essbereich im Freien<\/li><li>Grill: Holzkohle, Gas, Holz<\/li><li>Einen Pool f\u00fcr Kinder ca. 4m x 2m x 0.80m<\/li><\/ul>\n\n\n\n<h3 class=\"wp-block-heading\">Parken und zus\u00e4tzlicher Zugang<\/h3>\n\n\n\n<ul class=\"wp-block-list\"><li>Kostenloser Parkplatz f\u00fcr ca. 3 Autos auf dem Grundst\u00fcck<\/li><\/ul>\n\n\n\n<h3 class=\"wp-block-heading\">Services<\/h3>\n\n\n\n<ul class=\"wp-block-list\"><li>Wenn G\u00e4ste fr\u00fch an- oder sp\u00e4t abreise auf Anfrage m\u00f6glich, wenn das Haus am selben Tag nicht vermietet war oder ist<\/li><li>Langzeitaufenthalte sind m\u00f6glich<\/li><li>G\u00e4ste k\u00f6nnen 28 Tage oder l\u00e4nger bleiben<\/li><li>Eigenst\u00e4ndiger Check-in\/Check-out mit Schl\u00fcsselbox<\/li><li>Die Bettw\u00e4sche ist bei der Reinigungspauschale immer frisch gewaschen aber ungeb\u00fcgelt, gegen Aufpreis beziehen wir gegen einen Aufpreis die Betten jedoch gerne mit neuer oder geb\u00fcgelter Bettw\u00e4sche. Bitte bestelle diesen Zusatzservice mind. eine Woche vor Anreise. <\/li><\/ul>\n","protected":false},"excerpt":{"rendered":"<p>Sie \u00fcbernachten in einem im 2021\/2022 renovierten original Appenzeller Bauernhaus mit 3 Schlafzimmern (mit Doppelbetten), 1 Schlafzimmer mit 3 Einzelbetten, 1 Wohnzimmer mit einer Schlafcouch+ 2 B\u00e4dern. Ein weiteres Bett, mit zwei Schlafpl\u00e4tzen kann im Dachgeschoss aufgestellt werden. Es bietet <a href=\"https:\/\/appenzeller-ferienhaus.ch\/?page_id=62\" class=\"more-link\">Weiterlesen<\/a><\/p>\n","protected":false},"author":1,"featured_media":0,"parent":0,"menu_order":0,"comment_status":"closed","ping_status":"closed","template":"","meta":{"footnotes":""},"class_list":["post-62","page","type-page","status-publish","hentry"],"_links":{"self":[{"href":"https:\/\/appenzeller-ferienhaus.ch\/index.php?rest_route=\/wp\/v2\/pages\/62","targetHints":{"allow":["GET"]}}],"collection":[{"href":"https:\/\/appenzeller-ferienhaus.ch\/index.php?rest_route=\/wp\/v2\/pages"}],"about":[{"href":"https:\/\/appenzeller-ferienhaus.ch\/index.php?rest_route=\/wp\/v2\/types\/page"}],"author":[{"embeddable":true,"href":"https:\/\/appenzeller-ferienhaus.ch\/index.php?rest_route=\/wp\/v2\/users\/1"}],"replies":[{"embeddable":true,"href":"https:\/\/appenzeller-ferienhaus.ch\/index.php?rest_route=%2Fwp%2Fv2%2Fcomments&post=62"}],"version-history":[{"count":13,"href":"https:\/\/appenzeller-ferienhaus.ch\/index.php?rest_route=\/wp\/v2\/pages\/62\/revisions"}],"predecessor-version":[{"id":203,"href":"https:\/\/appenzeller-ferienhaus.ch\/index.php?rest_route=\/wp\/v2\/pages\/62\/revisions\/203"}],"wp:attachment":[{"href":"https:\/\/appenzeller-ferienhaus.ch\/index.php?rest_route=%2Fwp%2Fv2%2Fmedia&parent=62"}],"curies":[{"name":"wp","href":"https:\/\/api.w.org\/{rel}","templated":true}]}}