{"id":68,"date":"2022-04-01T15:08:00","date_gmt":"2022-04-01T15:08:00","guid":{"rendered":"https:\/\/appenzeller-ferienhaus.ch\/?page_id=68"},"modified":"2024-08-04T07:22:15","modified_gmt":"2024-08-04T07:22:15","slug":"extras","status":"publish","type":"page","link":"https:\/\/appenzeller-ferienhaus.ch\/?page_id=68","title":{"rendered":"Extras"},"content":{"rendered":"\n<p>Im Preis inklusive ist Im Garten hat es zum Grillieren einen Gasgrill und eine offene Feuerstelle, sowie einen Feuerkorb f\u00fcr ein offenes Feuer. Grillzangen hat es in der K\u00fcche. Auf den Betten liegt gem\u00e4ss der Anzahl gebuchter Personen frische, ungegl\u00e4ttete Bettw\u00e4sche und auf dem K\u00fcchentisch liegen .<\/p>\n\n\n\n<p><\/p>\n\n\n\n<p><strong>Folgende Extras k\u00f6nnen Sie dazubuchen:<\/strong><\/p>\n\n\n\n<p><strong><em>Holz:<\/em><\/strong><\/p>\n\n\n\n<p>Da uns mal Airbnb-Nutzer an einem Wochenende mehr als ein Ster Holz verfeuert hat, k\u00f6nnen wir das Feuerholz nicht mehr gratis zu Verf\u00fcgung stellen. Selbstverst\u00e4ndlich darf man aber selber welches mitnehmen oder im angrenzenden Wald, der ebenfalls zur Liegenschaft geh\u00f6rt, gratis Holz sammeln und auf der Feuerstelle benutzen. Gerne lege ich Euch aber auf Wunsch und Aufpreis trockenes Brennholz (1 Kiste \u00e015kg) bereit. 15kg reichen ca. f\u00fcr einen Abend f\u00fcr eine Feuerstelle.<\/p>\n\n\n\n<p><strong>Kohle und Smokerchips<\/strong><\/p>\n\n\n\n<p>Gerne stelle ich Euch gegen einen Aufpreis einen kleinen Sack Holzkohle f\u00fcr den Smoker bereit und einen Pack mit Smoker-Chips um das Fleisch auf dem Grill richtig zu r\u00e4uchern.<\/p>\n\n\n\n<p><strong><em>Topfsortiment f\u00fcr offenes Feuer (Dutch-oven Set):<\/em><\/strong><\/p>\n\n\n\n<p>Falls ihr ein Outdoor- Fondue, ein Outdoor-Gulasch oder Marroni etc. machen wollt, k\u00f6nnen Sie ein spezielles Pfannen- und Topf-Sortiment mit langen Gabeln f\u00fcr die offene Feuerstelle bei mir mieten.<\/p>\n\n\n\n<p><strong><em>Raclette \u00d6fen, Fondue Caquelon, Fondue Chinoise (Komplettset)<\/em><\/strong><\/p>\n\n\n\n<p>Was w\u00e4ren Ferien in der Schweiz ohne Raclette oder Fondue? Gerne stelle ich gegen einen Aufpreis zwei Raclette \u00d6fen, ein Set f\u00fcr K\u00e4sefondue (ein Caquelon, Untersteller, Gabeln und Brennpaste) und ein Set f\u00fcr Fondue Chinoise (elektrisch mit Gabeln und speziellen Chinoisetellern) bereit.<\/p>\n\n\n\n<p><strong><em>Goldwaschset:<\/em><\/strong><\/p>\n\n\n\n<p>Die Goldach befindet sich in Gehdistanz (10-15min entfernt vom Landhaus). Die Goldach tr\u00e4gt ihren Namen, weil sie auch Gold f\u00fchrt.<\/p>\n\n\n\n<p>Aus diesem Grund haben wir ein kleines Goldwaschset angeschafft, da wir mit unseren Kindern ab und zu an der Goldach Gold waschen. Ein kleines Anf\u00e4nger Goldwaschset kann bei uns gemietet werden. (Goldwaschen ist nur ausserhalb der Schonzeit von 1. Juni bis 15. September erlaubt). Die Beschreibung, wie Sie an die Goldach gelangen finden Sie hier: <a href=\"https:\/\/appenzeller-ferienhaus.ch\/wp-content\/uploads\/2024\/05\/Weg_zu_Badestelle_an_Goldach.pdf\">https:\/\/appenzeller-ferienhaus.ch\/wp-content\/uploads\/2024\/05\/Weg_zu_Badestelle_an_Goldach.pdf<\/a><\/p>\n\n\n\n<p><strong><em>Bettw\u00e4sche gegl\u00e4ttet:<\/em><\/strong><\/p>\n\n\n\n<p>Um die Reinigungsgeb\u00fchren so tief wie m\u00f6glich zu halten, gl\u00e4tten wir die Bettw\u00e4sche nach dem Waschen nicht mehr. Wenn Sie gerne nicht nur frisch gewaschene, sondern auch gegl\u00e4ttete Bettw\u00e4sche haben m\u00f6chten, dann werden wir gegen einen pauschalen Aufpreis Ihrem Wunsch gerne nachkommen.<\/p>\n\n\n\n<p><strong><em>Pokertisch und Pokerkoffer:<\/em><\/strong><\/p>\n\n\n\n<p>Eine Pokertisch-Auflage und Pokerkoffer k\u00f6nnen  im Voraus bestellt werden.<\/p>\n\n\n\n<p><strong><em>K\u00fchltruhe mit gek\u00fchltem Bier bei Ihrer Anreise<\/em><\/strong><\/p>\n\n\n\n<p>Vor allem im Sommer ist es ein Luxus, wenn mit einer K\u00fchlbox im Garten der Weg zum k\u00fchlen Bier nicht zu weit ist. Gegen einen Aufpreis k\u00f6nnen Sie eine 75l K\u00fchlbox mieten, wenn Sie wollen ist sie gef\u00fcllt mit zwei Karton original Appenzeller &#8222;Qu\u00f6llfrisch&#8220; Bier, sodass Sie bereits bei der Ankunft ein k\u00fchles Bier geniessen k\u00f6nnen. Die K\u00fchlbox k\u00fchlt bis -20\u00b0C und ist auch zum Gefrieren von Fleisch geeignet.<\/p>\n\n\n\n<p>Die Extras bitte 7 Tage vor Anreise per E-Mail bestellen; die Extras sind im Voraus per Twint oder Bankeinzug zu bezahlen.<\/p>\n","protected":false},"excerpt":{"rendered":"<p>Im Preis inklusive ist Im Garten hat es zum Grillieren einen Gasgrill und eine offene Feuerstelle, sowie einen Feuerkorb f\u00fcr ein offenes Feuer. Grillzangen hat es in der K\u00fcche. Auf den Betten liegt gem\u00e4ss der Anzahl gebuchter Personen frische, ungegl\u00e4ttete <a href=\"https:\/\/appenzeller-ferienhaus.ch\/?page_id=68\" class=\"more-link\">Weiterlesen<\/a><\/p>\n","protected":false},"author":1,"featured_media":0,"parent":62,"menu_order":0,"comment_status":"closed","ping_status":"closed","template":"","meta":{"footnotes":""},"class_list":["post-68","page","type-page","status-publish","hentry"],"_links":{"self":[{"href":"https:\/\/appenzeller-ferienhaus.ch\/index.php?rest_route=\/wp\/v2\/pages\/68","targetHints":{"allow":["GET"]}}],"collection":[{"href":"https:\/\/appenzeller-ferienhaus.ch\/index.php?rest_route=\/wp\/v2\/pages"}],"about":[{"href":"https:\/\/appenzeller-ferienhaus.ch\/index.php?rest_route=\/wp\/v2\/types\/page"}],"author":[{"embeddable":true,"href":"https:\/\/appenzeller-ferienhaus.ch\/index.php?rest_route=\/wp\/v2\/users\/1"}],"replies":[{"embeddable":true,"href":"https:\/\/appenzeller-ferienhaus.ch\/index.php?rest_route=%2Fwp%2Fv2%2Fcomments&post=68"}],"version-history":[{"count":8,"href":"https:\/\/appenzeller-ferienhaus.ch\/index.php?rest_route=\/wp\/v2\/pages\/68\/revisions"}],"predecessor-version":[{"id":268,"href":"https:\/\/appenzeller-ferienhaus.ch\/index.php?rest_route=\/wp\/v2\/pages\/68\/revisions\/268"}],"up":[{"embeddable":true,"href":"https:\/\/appenzeller-ferienhaus.ch\/index.php?rest_route=\/wp\/v2\/pages\/62"}],"wp:attachment":[{"href":"https:\/\/appenzeller-ferienhaus.ch\/index.php?rest_route=%2Fwp%2Fv2%2Fmedia&parent=68"}],"curies":[{"name":"wp","href":"https:\/\/api.w.org\/{rel}","templated":true}]}}